{"id":32840,"date":"2024-08-11T10:10:12","date_gmt":"2022-09-22T08:10:13","guid":{"rendered":"https:\/\/pikpak.ski\/?post_type=product&#038;p=32840"},"modified":"2022-09-22T11:19:56","modified_gmt":"2022-09-22T09:19:56","slug":"apres-socks","status":"publish","type":"product","link":"https:\/\/pikpak.ski\/en\/shop\/apres-socks\/","title":{"rendered":"APR\u00c8S socks"},"content":{"rendered":"<p style=\"text-align: center;\">Gangsta knee socks or ladies&#8217; socks perfect for <strong>apr\u00e8s ski<\/strong>?<br \/>\n<strong>APR\u00c8S SOCKS<\/strong> are thin socks with a sporty ribbing that will work in both cases.<br \/>\nThe shrinking method is used in the production process, which makes the sizing more flexible. Thanks to this, the socks in a smaller size will be simply shorter, and the heel will be in the right place anyway.<br \/>\nKasia (shoe size 38.5) alternately wears S (photo 1) and M (photo 2). Felek (shoe size 32) is shredding in S&#8217;s.<\/p>\n<p style=\"text-align: center;\"><strong>MAIN FEATURES:<\/strong><br \/>\n<strong>\u2022 SIZES: S <\/strong>(33-36)<strong> i M <\/strong>(37-40)<br \/>\n\u2022 80% cotton, 17% polyamide, 3% elastane<br \/>\n\u2022 <strong>Made in Poland<\/strong><\/p>\n<p style=\"text-align: center;\">If you prefer something more classic or looking for men&#8217;s socks, check out our <strong><a href=\"https:\/\/pikpak.ski\/produkt\/classic-socks\/\">CLASSIC SOCKS<\/a><\/strong><\/p>\n<p style=\"text-align: center;\">\n","protected":false},"excerpt":{"rendered":"<p style=\"text-align: center;\">Gangsta knee socks or ladies&#8217; socks perfect for <strong>apr\u00e8s ski<\/strong>?<br \/>\nAPR\u00c8S SOCKS will work in both cases.<br \/>\nSki in dance out!<\/p>\n<p style=\"text-align: center;\"><strong>MAIN FEATURES:<br \/>\n<\/strong><strong>\u2022 SIZES: S <\/strong>(33-36)<strong> i M <\/strong>(37-40)<br \/>\n\u2022 Thin socks with a sporty ribbing<br \/>\n\u2022 80% cotton, 17% polyamide, 3% elastane<br \/>\n\u2022 <strong>Made in Poland<\/strong><\/p>\n","protected":false},"featured_media":32860,"comment_status":"open","ping_status":"closed","template":"","meta":{"_monsterinsights_skip_tracking":false,"_monsterinsights_sitenote_active":false,"_monsterinsights_sitenote_note":"","_monsterinsights_sitenote_category":0},"product_brand":[],"product_cat":[320,260,378,376],"product_tag":[],"class_list":{"0":"post-32840","1":"product","2":"type-product","3":"status-publish","4":"has-post-thumbnail","6":"product_cat-other-en","7":"product_cat-apparel-en","8":"product_cat-kids-en","9":"product_cat-women-en","11":"first","12":"outofstock","13":"shipping-taxable","14":"purchasable","15":"product-type-variable","16":"has-default-attributes","17":"layout-style-2","18":"col-md-4 col-sm-4 col-xs-6","19":"col-lg-3","20":"product-has-gallery","21":"product-style-slider"},"yoast_head":"<!-- This site is optimized with the Yoast SEO plugin v27.3 - https:\/\/yoast.com\/product\/yoast-seo-wordpress\/ -->\n<title>APR\u00c8S socks - PIKPAK<\/title>\n<meta name=\"description\" content=\"Gangsterskie podkolan\u00f3wki, czy skarpety dla narciarskich dam idealne na apr\u00e8s ski? APR\u00c8S SOCKS sprawdz\u0105 si\u0119 w obydwu przypadkach.\" \/>\n<meta name=\"robots\" content=\"index, follow, max-snippet:-1, max-image-preview:large, max-video-preview:-1\" \/>\n<link rel=\"canonical\" href=\"https:\/\/pikpak.ski\/en\/shop\/apres-socks\/\" \/>\n<meta property=\"og:locale\" content=\"en_US\" \/>\n<meta property=\"og:type\" content=\"article\" \/>\n<meta property=\"og:title\" content=\"APR\u00c8S socks - PIKPAK\" \/>\n<meta property=\"og:description\" content=\"Gangsterskie podkolan\u00f3wki, czy skarpety dla narciarskich dam idealne na apr\u00e8s ski? APR\u00c8S SOCKS sprawdz\u0105 si\u0119 w obydwu przypadkach.\" \/>\n<meta property=\"og:url\" content=\"https:\/\/pikpak.ski\/en\/shop\/apres-socks\/\" \/>\n<meta property=\"og:site_name\" content=\"PIKPAK\" \/>\n<meta property=\"article:publisher\" content=\"https:\/\/www.facebook.com\/pikpak.ski\/\" \/>\n<meta property=\"article:modified_time\" content=\"2022-09-22T09:19:56+00:00\" \/>\n<meta property=\"og:image\" content=\"https:\/\/pikpak.ski\/wp-content\/uploads\/2022\/09\/pikpak-apres-socks-07.jpg\" \/>\n\t<meta property=\"og:image:width\" content=\"1200\" \/>\n\t<meta property=\"og:image:height\" content=\"1425\" \/>\n\t<meta property=\"og:image:type\" content=\"image\/jpeg\" \/>\n<meta name=\"twitter:card\" content=\"summary_large_image\" \/>\n<meta name=\"twitter:label1\" content=\"Est. reading time\" \/>\n\t<meta name=\"twitter:data1\" content=\"1 minute\" \/>\n<script type=\"application\/ld+json\" class=\"yoast-schema-graph\">{\"@context\":\"https:\\\/\\\/schema.org\",\"@graph\":[{\"@type\":\"WebPage\",\"@id\":\"https:\\\/\\\/pikpak.ski\\\/en\\\/shop\\\/apres-socks\\\/\",\"url\":\"https:\\\/\\\/pikpak.ski\\\/en\\\/shop\\\/apres-socks\\\/\",\"name\":\"APR\u00c8S socks - PIKPAK\",\"isPartOf\":{\"@id\":\"https:\\\/\\\/pikpak.ski\\\/en\\\/#website\"},\"primaryImageOfPage\":{\"@id\":\"https:\\\/\\\/pikpak.ski\\\/en\\\/shop\\\/apres-socks\\\/#primaryimage\"},\"image\":{\"@id\":\"https:\\\/\\\/pikpak.ski\\\/en\\\/shop\\\/apres-socks\\\/#primaryimage\"},\"thumbnailUrl\":\"https:\\\/\\\/pikpak.ski\\\/wp-content\\\/uploads\\\/2022\\\/09\\\/pikpak-apres-socks-07.jpg\",\"datePublished\":\"2022-09-22T08:10:13+00:00\",\"dateModified\":\"2022-09-22T09:19:56+00:00\",\"description\":\"Gangsterskie podkolan\u00f3wki, czy skarpety dla narciarskich dam idealne na apr\u00e8s ski? APR\u00c8S SOCKS sprawdz\u0105 si\u0119 w obydwu przypadkach.\",\"breadcrumb\":{\"@id\":\"https:\\\/\\\/pikpak.ski\\\/en\\\/shop\\\/apres-socks\\\/#breadcrumb\"},\"inLanguage\":\"en-US\",\"potentialAction\":[{\"@type\":\"ReadAction\",\"target\":[\"https:\\\/\\\/pikpak.ski\\\/en\\\/shop\\\/apres-socks\\\/\"]}]},{\"@type\":\"ImageObject\",\"inLanguage\":\"en-US\",\"@id\":\"https:\\\/\\\/pikpak.ski\\\/en\\\/shop\\\/apres-socks\\\/#primaryimage\",\"url\":\"https:\\\/\\\/pikpak.ski\\\/wp-content\\\/uploads\\\/2022\\\/09\\\/pikpak-apres-socks-07.jpg\",\"contentUrl\":\"https:\\\/\\\/pikpak.ski\\\/wp-content\\\/uploads\\\/2022\\\/09\\\/pikpak-apres-socks-07.jpg\",\"width\":1200,\"height\":1425},{\"@type\":\"BreadcrumbList\",\"@id\":\"https:\\\/\\\/pikpak.ski\\\/en\\\/shop\\\/apres-socks\\\/#breadcrumb\",\"itemListElement\":[{\"@type\":\"ListItem\",\"position\":1,\"name\":\"Strona g\u0142\u00f3wna\",\"item\":\"https:\\\/\\\/pikpak.ski\\\/en\\\/\"},{\"@type\":\"ListItem\",\"position\":2,\"name\":\"shop\",\"item\":\"https:\\\/\\\/pikpak.ski\\\/shop\\\/\"},{\"@type\":\"ListItem\",\"position\":3,\"name\":\"APR\u00c8S socks\"}]},{\"@type\":\"WebSite\",\"@id\":\"https:\\\/\\\/pikpak.ski\\\/en\\\/#website\",\"url\":\"https:\\\/\\\/pikpak.ski\\\/en\\\/\",\"name\":\"PIKPAK\",\"description\":\"Good stuff for awesome people \u2744\ufe0f SKI racer bags | MINI ski bags for KIDS ? ?\",\"publisher\":{\"@id\":\"https:\\\/\\\/pikpak.ski\\\/en\\\/#organization\"},\"potentialAction\":[{\"@type\":\"SearchAction\",\"target\":{\"@type\":\"EntryPoint\",\"urlTemplate\":\"https:\\\/\\\/pikpak.ski\\\/en\\\/?s={search_term_string}\"},\"query-input\":{\"@type\":\"PropertyValueSpecification\",\"valueRequired\":true,\"valueName\":\"search_term_string\"}}],\"inLanguage\":\"en-US\"},{\"@type\":\"Organization\",\"@id\":\"https:\\\/\\\/pikpak.ski\\\/en\\\/#organization\",\"name\":\"PIKPAK\",\"url\":\"https:\\\/\\\/pikpak.ski\\\/en\\\/\",\"logo\":{\"@type\":\"ImageObject\",\"inLanguage\":\"en-US\",\"@id\":\"https:\\\/\\\/pikpak.ski\\\/en\\\/#\\\/schema\\\/logo\\\/image\\\/\",\"url\":\"https:\\\/\\\/pikpak.ski\\\/wp-content\\\/uploads\\\/2018\\\/06\\\/cropped-PIK-PAK-logo-01-2-1.jpg\",\"contentUrl\":\"https:\\\/\\\/pikpak.ski\\\/wp-content\\\/uploads\\\/2018\\\/06\\\/cropped-PIK-PAK-logo-01-2-1.jpg\",\"width\":512,\"height\":512,\"caption\":\"PIKPAK\"},\"image\":{\"@id\":\"https:\\\/\\\/pikpak.ski\\\/en\\\/#\\\/schema\\\/logo\\\/image\\\/\"},\"sameAs\":[\"https:\\\/\\\/www.facebook.com\\\/pikpak.ski\\\/\",\"https:\\\/\\\/www.instagram.com\\\/pikpak.ski\\\/\",\"https:\\\/\\\/pl.pinterest.com\\\/pikpakofficial\\\/\"]}]}<\/script>\n<!-- \/ Yoast SEO plugin. -->","yoast_head_json":{"title":"APR\u00c8S socks - PIKPAK","description":"Gangsterskie podkolan\u00f3wki, czy skarpety dla narciarskich dam idealne na apr\u00e8s ski? APR\u00c8S SOCKS sprawdz\u0105 si\u0119 w obydwu przypadkach.","robots":{"index":"index","follow":"follow","max-snippet":"max-snippet:-1","max-image-preview":"max-image-preview:large","max-video-preview":"max-video-preview:-1"},"canonical":"https:\/\/pikpak.ski\/en\/shop\/apres-socks\/","og_locale":"en_US","og_type":"article","og_title":"APR\u00c8S socks - PIKPAK","og_description":"Gangsterskie podkolan\u00f3wki, czy skarpety dla narciarskich dam idealne na apr\u00e8s ski? APR\u00c8S SOCKS sprawdz\u0105 si\u0119 w obydwu przypadkach.","og_url":"https:\/\/pikpak.ski\/en\/shop\/apres-socks\/","og_site_name":"PIKPAK","article_publisher":"https:\/\/www.facebook.com\/pikpak.ski\/","article_modified_time":"2022-09-22T09:19:56+00:00","og_image":[{"width":1200,"height":1425,"url":"https:\/\/pikpak.ski\/wp-content\/uploads\/2022\/09\/pikpak-apres-socks-07.jpg","type":"image\/jpeg"}],"twitter_card":"summary_large_image","twitter_misc":{"Est. reading time":"1 minute"},"schema":{"@context":"https:\/\/schema.org","@graph":[{"@type":"WebPage","@id":"https:\/\/pikpak.ski\/en\/shop\/apres-socks\/","url":"https:\/\/pikpak.ski\/en\/shop\/apres-socks\/","name":"APR\u00c8S socks - PIKPAK","isPartOf":{"@id":"https:\/\/pikpak.ski\/en\/#website"},"primaryImageOfPage":{"@id":"https:\/\/pikpak.ski\/en\/shop\/apres-socks\/#primaryimage"},"image":{"@id":"https:\/\/pikpak.ski\/en\/shop\/apres-socks\/#primaryimage"},"thumbnailUrl":"https:\/\/pikpak.ski\/wp-content\/uploads\/2022\/09\/pikpak-apres-socks-07.jpg","datePublished":"2022-09-22T08:10:13+00:00","dateModified":"2022-09-22T09:19:56+00:00","description":"Gangsterskie podkolan\u00f3wki, czy skarpety dla narciarskich dam idealne na apr\u00e8s ski? APR\u00c8S SOCKS sprawdz\u0105 si\u0119 w obydwu przypadkach.","breadcrumb":{"@id":"https:\/\/pikpak.ski\/en\/shop\/apres-socks\/#breadcrumb"},"inLanguage":"en-US","potentialAction":[{"@type":"ReadAction","target":["https:\/\/pikpak.ski\/en\/shop\/apres-socks\/"]}]},{"@type":"ImageObject","inLanguage":"en-US","@id":"https:\/\/pikpak.ski\/en\/shop\/apres-socks\/#primaryimage","url":"https:\/\/pikpak.ski\/wp-content\/uploads\/2022\/09\/pikpak-apres-socks-07.jpg","contentUrl":"https:\/\/pikpak.ski\/wp-content\/uploads\/2022\/09\/pikpak-apres-socks-07.jpg","width":1200,"height":1425},{"@type":"BreadcrumbList","@id":"https:\/\/pikpak.ski\/en\/shop\/apres-socks\/#breadcrumb","itemListElement":[{"@type":"ListItem","position":1,"name":"Strona g\u0142\u00f3wna","item":"https:\/\/pikpak.ski\/en\/"},{"@type":"ListItem","position":2,"name":"shop","item":"https:\/\/pikpak.ski\/shop\/"},{"@type":"ListItem","position":3,"name":"APR\u00c8S socks"}]},{"@type":"WebSite","@id":"https:\/\/pikpak.ski\/en\/#website","url":"https:\/\/pikpak.ski\/en\/","name":"PIKPAK","description":"Good stuff for awesome people \u2744\ufe0f SKI racer bags | MINI ski bags for KIDS ? ?","publisher":{"@id":"https:\/\/pikpak.ski\/en\/#organization"},"potentialAction":[{"@type":"SearchAction","target":{"@type":"EntryPoint","urlTemplate":"https:\/\/pikpak.ski\/en\/?s={search_term_string}"},"query-input":{"@type":"PropertyValueSpecification","valueRequired":true,"valueName":"search_term_string"}}],"inLanguage":"en-US"},{"@type":"Organization","@id":"https:\/\/pikpak.ski\/en\/#organization","name":"PIKPAK","url":"https:\/\/pikpak.ski\/en\/","logo":{"@type":"ImageObject","inLanguage":"en-US","@id":"https:\/\/pikpak.ski\/en\/#\/schema\/logo\/image\/","url":"https:\/\/pikpak.ski\/wp-content\/uploads\/2018\/06\/cropped-PIK-PAK-logo-01-2-1.jpg","contentUrl":"https:\/\/pikpak.ski\/wp-content\/uploads\/2018\/06\/cropped-PIK-PAK-logo-01-2-1.jpg","width":512,"height":512,"caption":"PIKPAK"},"image":{"@id":"https:\/\/pikpak.ski\/en\/#\/schema\/logo\/image\/"},"sameAs":["https:\/\/www.facebook.com\/pikpak.ski\/","https:\/\/www.instagram.com\/pikpak.ski\/","https:\/\/pl.pinterest.com\/pikpakofficial\/"]}]}},"jetpack_sharing_enabled":true,"_links":{"self":[{"href":"https:\/\/pikpak.ski\/en\/wp-json\/wp\/v2\/product\/32840","targetHints":{"allow":["GET"]}}],"collection":[{"href":"https:\/\/pikpak.ski\/en\/wp-json\/wp\/v2\/product"}],"about":[{"href":"https:\/\/pikpak.ski\/en\/wp-json\/wp\/v2\/types\/product"}],"replies":[{"embeddable":true,"href":"https:\/\/pikpak.ski\/en\/wp-json\/wp\/v2\/comments?post=32840"}],"wp:featuredmedia":[{"embeddable":true,"href":"https:\/\/pikpak.ski\/en\/wp-json\/wp\/v2\/media\/32860"}],"wp:attachment":[{"href":"https:\/\/pikpak.ski\/en\/wp-json\/wp\/v2\/media?parent=32840"}],"wp:term":[{"taxonomy":"product_brand","embeddable":true,"href":"https:\/\/pikpak.ski\/en\/wp-json\/wp\/v2\/product_brand?post=32840"},{"taxonomy":"product_cat","embeddable":true,"href":"https:\/\/pikpak.ski\/en\/wp-json\/wp\/v2\/product_cat?post=32840"},{"taxonomy":"product_tag","embeddable":true,"href":"https:\/\/pikpak.ski\/en\/wp-json\/wp\/v2\/product_tag?post=32840"}],"curies":[{"name":"wp","href":"https:\/\/api.w.org\/{rel}","templated":true}]}}