{"id":33053,"date":"2024-11-15T14:06:26","date_gmt":"2022-12-15T13:06:30","guid":{"rendered":"https:\/\/pikpak.ski\/?post_type=product&#038;p=33053"},"modified":"2026-04-05T12:16:38","modified_gmt":"2026-04-05T10:16:38","slug":"mini-ski-bag-new","status":"publish","type":"product","link":"https:\/\/pikpak.ski\/en\/shop\/mini-ski-bag-new\/","title":{"rendered":"MINI SKI BAG NEW"},"content":{"rendered":"<p style=\"text-align: center;\" data-mce-style=\"text-align: center;\">The <strong>MINI<\/strong> version of our ski backpack was created especially for the youngest racers. Smaller size, adjusted to the kid\u2019s height doesn\u2019t change the functionality of the backpack at any point. You can easily fit in smaller racing boots, helmet, protection gear, and additional layers. All the other stuff (like a thermos and maybe the favourite teddy bear) can find their place in the side pockets. Thanks to the soft shoulder straps and adjustable sternum strap it remains comfortable also while skiing or making flips on the snow.<\/p>\n<p style=\"text-align: center;\" data-mce-style=\"text-align: center;\"><strong>MAIN FEATURES:<\/strong><br \/>\u2022 handmade of the best materials and parts: <strong>CORDURA\u00ae<\/strong>, <strong>YKK<\/strong> zippers, <strong>NEXUS<\/strong> buckles<br \/>\u2022 independent waterproof boots compartment on the back<br \/>\u2022 padded shoulder straps and back panel<br \/>\u2022 adjustable <strong>sternum strap<\/strong><br \/>\u2022 customization options<\/p>\n<p style=\"text-align: center;\" data-mce-style=\"text-align: center;\"><\/p>\n","protected":false},"excerpt":{"rendered":"<p>The <strong>MINI<\/strong> version of our ski backpack was created especially for the youngest racers. Smaller size, adjusted to the kid\u2019s height doesn\u2019t change the functionality of the backpack at any point. You can easily fit in smaller racing boots, helmet, protection gear, and additional layers. All the other stuff (like a thermos and maybe the favourite teddy bear) can find their place in the side pockets. Thanks to the soft shoulder straps and adjustable sternum strap it remains comfortable also while skiing or making flips on the snow.<\/p>\n","protected":false},"featured_media":33087,"comment_status":"open","ping_status":"closed","template":"","meta":{"_monsterinsights_skip_tracking":false,"_monsterinsights_sitenote_active":false,"_monsterinsights_sitenote_note":"","_monsterinsights_sitenote_category":0},"product_brand":[],"product_cat":[320,378,259],"product_tag":[],"class_list":{"0":"post-33053","1":"product","2":"type-product","3":"status-publish","4":"has-post-thumbnail","6":"product_cat-other-en","7":"product_cat-kids-en","8":"product_cat-ski-en","10":"first","11":"instock","12":"shipping-taxable","13":"purchasable","14":"product-type-variable","15":"layout-style-2","16":"col-md-4 col-sm-4 col-xs-6","17":"col-lg-3","18":"product-has-gallery","19":"product-style-slider"},"yoast_head":"<!-- This site is optimized with the Yoast SEO plugin v27.3 - https:\/\/yoast.com\/product\/yoast-seo-wordpress\/ -->\n<title>MINI SKI BAG NEW - PIKPAK<\/title>\n<meta name=\"description\" content=\"Plecak narciarski w wersji MINI powsta\u0142 specjalnie z my\u015bl\u0105 o najm\u0142odszych zawodnikach. Mniejszy rozmiar, dostosowany do wzrostu dzieci, w \u017cadnym stopniu nie zmniejsza funkcjonalno\u015bci plecaka.\" \/>\n<meta name=\"robots\" content=\"index, follow, max-snippet:-1, max-image-preview:large, max-video-preview:-1\" \/>\n<link rel=\"canonical\" href=\"https:\/\/pikpak.ski\/en\/shop\/mini-ski-bag-new\/\" \/>\n<meta property=\"og:locale\" content=\"en_US\" \/>\n<meta property=\"og:type\" content=\"article\" \/>\n<meta property=\"og:title\" content=\"MINI SKI BAG NEW - PIKPAK\" \/>\n<meta property=\"og:description\" content=\"Plecak narciarski w wersji MINI powsta\u0142 specjalnie z my\u015bl\u0105 o najm\u0142odszych zawodnikach. Mniejszy rozmiar, dostosowany do wzrostu dzieci, w \u017cadnym stopniu nie zmniejsza funkcjonalno\u015bci plecaka.\" \/>\n<meta property=\"og:url\" content=\"https:\/\/pikpak.ski\/en\/shop\/mini-ski-bag-new\/\" \/>\n<meta property=\"og:site_name\" content=\"PIKPAK\" \/>\n<meta property=\"article:publisher\" content=\"https:\/\/www.facebook.com\/pikpak.ski\/\" \/>\n<meta property=\"article:modified_time\" content=\"2026-04-05T10:16:38+00:00\" \/>\n<meta property=\"og:image\" content=\"https:\/\/pikpak.ski\/wp-content\/uploads\/2022\/12\/pikpak-mini-ski-bag-new-01-1.jpg\" \/>\n\t<meta property=\"og:image:width\" content=\"1200\" \/>\n\t<meta property=\"og:image:height\" content=\"1425\" \/>\n\t<meta property=\"og:image:type\" content=\"image\/jpeg\" \/>\n<meta name=\"twitter:card\" content=\"summary_large_image\" \/>\n<meta name=\"twitter:label1\" content=\"Est. reading time\" \/>\n\t<meta name=\"twitter:data1\" content=\"1 minute\" \/>\n<script type=\"application\/ld+json\" class=\"yoast-schema-graph\">{\"@context\":\"https:\\\/\\\/schema.org\",\"@graph\":[{\"@type\":\"WebPage\",\"@id\":\"https:\\\/\\\/pikpak.ski\\\/en\\\/shop\\\/mini-ski-bag-new\\\/\",\"url\":\"https:\\\/\\\/pikpak.ski\\\/en\\\/shop\\\/mini-ski-bag-new\\\/\",\"name\":\"MINI SKI BAG NEW - PIKPAK\",\"isPartOf\":{\"@id\":\"https:\\\/\\\/pikpak.ski\\\/en\\\/#website\"},\"primaryImageOfPage\":{\"@id\":\"https:\\\/\\\/pikpak.ski\\\/en\\\/shop\\\/mini-ski-bag-new\\\/#primaryimage\"},\"image\":{\"@id\":\"https:\\\/\\\/pikpak.ski\\\/en\\\/shop\\\/mini-ski-bag-new\\\/#primaryimage\"},\"thumbnailUrl\":\"https:\\\/\\\/pikpak.ski\\\/wp-content\\\/uploads\\\/2022\\\/12\\\/pikpak-mini-ski-bag-new-1.jpg\",\"datePublished\":\"2022-12-15T13:06:30+00:00\",\"dateModified\":\"2026-04-05T10:16:38+00:00\",\"description\":\"Plecak narciarski w wersji MINI powsta\u0142 specjalnie z my\u015bl\u0105 o najm\u0142odszych zawodnikach. Mniejszy rozmiar, dostosowany do wzrostu dzieci, w \u017cadnym stopniu nie zmniejsza funkcjonalno\u015bci plecaka.\",\"breadcrumb\":{\"@id\":\"https:\\\/\\\/pikpak.ski\\\/en\\\/shop\\\/mini-ski-bag-new\\\/#breadcrumb\"},\"inLanguage\":\"en-US\",\"potentialAction\":[{\"@type\":\"ReadAction\",\"target\":[\"https:\\\/\\\/pikpak.ski\\\/en\\\/shop\\\/mini-ski-bag-new\\\/\"]}]},{\"@type\":\"ImageObject\",\"inLanguage\":\"en-US\",\"@id\":\"https:\\\/\\\/pikpak.ski\\\/en\\\/shop\\\/mini-ski-bag-new\\\/#primaryimage\",\"url\":\"https:\\\/\\\/pikpak.ski\\\/wp-content\\\/uploads\\\/2022\\\/12\\\/pikpak-mini-ski-bag-new-1.jpg\",\"contentUrl\":\"https:\\\/\\\/pikpak.ski\\\/wp-content\\\/uploads\\\/2022\\\/12\\\/pikpak-mini-ski-bag-new-1.jpg\",\"width\":1200,\"height\":1425},{\"@type\":\"BreadcrumbList\",\"@id\":\"https:\\\/\\\/pikpak.ski\\\/en\\\/shop\\\/mini-ski-bag-new\\\/#breadcrumb\",\"itemListElement\":[{\"@type\":\"ListItem\",\"position\":1,\"name\":\"Strona g\u0142\u00f3wna\",\"item\":\"https:\\\/\\\/pikpak.ski\\\/en\\\/\"},{\"@type\":\"ListItem\",\"position\":2,\"name\":\"shop\",\"item\":\"https:\\\/\\\/pikpak.ski\\\/shop\\\/\"},{\"@type\":\"ListItem\",\"position\":3,\"name\":\"MINI SKI BAG NEW\"}]},{\"@type\":\"WebSite\",\"@id\":\"https:\\\/\\\/pikpak.ski\\\/en\\\/#website\",\"url\":\"https:\\\/\\\/pikpak.ski\\\/en\\\/\",\"name\":\"PIKPAK\",\"description\":\"Good stuff for awesome people \u2744\ufe0f SKI racer bags | MINI ski bags for KIDS ? ?\",\"publisher\":{\"@id\":\"https:\\\/\\\/pikpak.ski\\\/en\\\/#organization\"},\"potentialAction\":[{\"@type\":\"SearchAction\",\"target\":{\"@type\":\"EntryPoint\",\"urlTemplate\":\"https:\\\/\\\/pikpak.ski\\\/en\\\/?s={search_term_string}\"},\"query-input\":{\"@type\":\"PropertyValueSpecification\",\"valueRequired\":true,\"valueName\":\"search_term_string\"}}],\"inLanguage\":\"en-US\"},{\"@type\":\"Organization\",\"@id\":\"https:\\\/\\\/pikpak.ski\\\/en\\\/#organization\",\"name\":\"PIKPAK\",\"url\":\"https:\\\/\\\/pikpak.ski\\\/en\\\/\",\"logo\":{\"@type\":\"ImageObject\",\"inLanguage\":\"en-US\",\"@id\":\"https:\\\/\\\/pikpak.ski\\\/en\\\/#\\\/schema\\\/logo\\\/image\\\/\",\"url\":\"https:\\\/\\\/pikpak.ski\\\/wp-content\\\/uploads\\\/2018\\\/06\\\/cropped-PIK-PAK-logo-01-2-1.jpg\",\"contentUrl\":\"https:\\\/\\\/pikpak.ski\\\/wp-content\\\/uploads\\\/2018\\\/06\\\/cropped-PIK-PAK-logo-01-2-1.jpg\",\"width\":512,\"height\":512,\"caption\":\"PIKPAK\"},\"image\":{\"@id\":\"https:\\\/\\\/pikpak.ski\\\/en\\\/#\\\/schema\\\/logo\\\/image\\\/\"},\"sameAs\":[\"https:\\\/\\\/www.facebook.com\\\/pikpak.ski\\\/\",\"https:\\\/\\\/www.instagram.com\\\/pikpak.ski\\\/\",\"https:\\\/\\\/pl.pinterest.com\\\/pikpakofficial\\\/\"]}]}<\/script>\n<!-- \/ Yoast SEO plugin. -->","yoast_head_json":{"title":"MINI SKI BAG NEW - PIKPAK","description":"Plecak narciarski w wersji MINI powsta\u0142 specjalnie z my\u015bl\u0105 o najm\u0142odszych zawodnikach. Mniejszy rozmiar, dostosowany do wzrostu dzieci, w \u017cadnym stopniu nie zmniejsza funkcjonalno\u015bci plecaka.","robots":{"index":"index","follow":"follow","max-snippet":"max-snippet:-1","max-image-preview":"max-image-preview:large","max-video-preview":"max-video-preview:-1"},"canonical":"https:\/\/pikpak.ski\/en\/shop\/mini-ski-bag-new\/","og_locale":"en_US","og_type":"article","og_title":"MINI SKI BAG NEW - PIKPAK","og_description":"Plecak narciarski w wersji MINI powsta\u0142 specjalnie z my\u015bl\u0105 o najm\u0142odszych zawodnikach. Mniejszy rozmiar, dostosowany do wzrostu dzieci, w \u017cadnym stopniu nie zmniejsza funkcjonalno\u015bci plecaka.","og_url":"https:\/\/pikpak.ski\/en\/shop\/mini-ski-bag-new\/","og_site_name":"PIKPAK","article_publisher":"https:\/\/www.facebook.com\/pikpak.ski\/","article_modified_time":"2026-04-05T10:16:38+00:00","og_image":[{"width":1200,"height":1425,"url":"https:\/\/pikpak.ski\/wp-content\/uploads\/2022\/12\/pikpak-mini-ski-bag-new-01-1.jpg","type":"image\/jpeg"}],"twitter_card":"summary_large_image","twitter_misc":{"Est. reading time":"1 minute"},"schema":{"@context":"https:\/\/schema.org","@graph":[{"@type":"WebPage","@id":"https:\/\/pikpak.ski\/en\/shop\/mini-ski-bag-new\/","url":"https:\/\/pikpak.ski\/en\/shop\/mini-ski-bag-new\/","name":"MINI SKI BAG NEW - PIKPAK","isPartOf":{"@id":"https:\/\/pikpak.ski\/en\/#website"},"primaryImageOfPage":{"@id":"https:\/\/pikpak.ski\/en\/shop\/mini-ski-bag-new\/#primaryimage"},"image":{"@id":"https:\/\/pikpak.ski\/en\/shop\/mini-ski-bag-new\/#primaryimage"},"thumbnailUrl":"https:\/\/pikpak.ski\/wp-content\/uploads\/2022\/12\/pikpak-mini-ski-bag-new-1.jpg","datePublished":"2022-12-15T13:06:30+00:00","dateModified":"2026-04-05T10:16:38+00:00","description":"Plecak narciarski w wersji MINI powsta\u0142 specjalnie z my\u015bl\u0105 o najm\u0142odszych zawodnikach. Mniejszy rozmiar, dostosowany do wzrostu dzieci, w \u017cadnym stopniu nie zmniejsza funkcjonalno\u015bci plecaka.","breadcrumb":{"@id":"https:\/\/pikpak.ski\/en\/shop\/mini-ski-bag-new\/#breadcrumb"},"inLanguage":"en-US","potentialAction":[{"@type":"ReadAction","target":["https:\/\/pikpak.ski\/en\/shop\/mini-ski-bag-new\/"]}]},{"@type":"ImageObject","inLanguage":"en-US","@id":"https:\/\/pikpak.ski\/en\/shop\/mini-ski-bag-new\/#primaryimage","url":"https:\/\/pikpak.ski\/wp-content\/uploads\/2022\/12\/pikpak-mini-ski-bag-new-1.jpg","contentUrl":"https:\/\/pikpak.ski\/wp-content\/uploads\/2022\/12\/pikpak-mini-ski-bag-new-1.jpg","width":1200,"height":1425},{"@type":"BreadcrumbList","@id":"https:\/\/pikpak.ski\/en\/shop\/mini-ski-bag-new\/#breadcrumb","itemListElement":[{"@type":"ListItem","position":1,"name":"Strona g\u0142\u00f3wna","item":"https:\/\/pikpak.ski\/en\/"},{"@type":"ListItem","position":2,"name":"shop","item":"https:\/\/pikpak.ski\/shop\/"},{"@type":"ListItem","position":3,"name":"MINI SKI BAG NEW"}]},{"@type":"WebSite","@id":"https:\/\/pikpak.ski\/en\/#website","url":"https:\/\/pikpak.ski\/en\/","name":"PIKPAK","description":"Good stuff for awesome people \u2744\ufe0f SKI racer bags | MINI ski bags for KIDS ? ?","publisher":{"@id":"https:\/\/pikpak.ski\/en\/#organization"},"potentialAction":[{"@type":"SearchAction","target":{"@type":"EntryPoint","urlTemplate":"https:\/\/pikpak.ski\/en\/?s={search_term_string}"},"query-input":{"@type":"PropertyValueSpecification","valueRequired":true,"valueName":"search_term_string"}}],"inLanguage":"en-US"},{"@type":"Organization","@id":"https:\/\/pikpak.ski\/en\/#organization","name":"PIKPAK","url":"https:\/\/pikpak.ski\/en\/","logo":{"@type":"ImageObject","inLanguage":"en-US","@id":"https:\/\/pikpak.ski\/en\/#\/schema\/logo\/image\/","url":"https:\/\/pikpak.ski\/wp-content\/uploads\/2018\/06\/cropped-PIK-PAK-logo-01-2-1.jpg","contentUrl":"https:\/\/pikpak.ski\/wp-content\/uploads\/2018\/06\/cropped-PIK-PAK-logo-01-2-1.jpg","width":512,"height":512,"caption":"PIKPAK"},"image":{"@id":"https:\/\/pikpak.ski\/en\/#\/schema\/logo\/image\/"},"sameAs":["https:\/\/www.facebook.com\/pikpak.ski\/","https:\/\/www.instagram.com\/pikpak.ski\/","https:\/\/pl.pinterest.com\/pikpakofficial\/"]}]}},"jetpack_sharing_enabled":true,"_links":{"self":[{"href":"https:\/\/pikpak.ski\/en\/wp-json\/wp\/v2\/product\/33053","targetHints":{"allow":["GET"]}}],"collection":[{"href":"https:\/\/pikpak.ski\/en\/wp-json\/wp\/v2\/product"}],"about":[{"href":"https:\/\/pikpak.ski\/en\/wp-json\/wp\/v2\/types\/product"}],"replies":[{"embeddable":true,"href":"https:\/\/pikpak.ski\/en\/wp-json\/wp\/v2\/comments?post=33053"}],"wp:featuredmedia":[{"embeddable":true,"href":"https:\/\/pikpak.ski\/en\/wp-json\/wp\/v2\/media\/33087"}],"wp:attachment":[{"href":"https:\/\/pikpak.ski\/en\/wp-json\/wp\/v2\/media?parent=33053"}],"wp:term":[{"taxonomy":"product_brand","embeddable":true,"href":"https:\/\/pikpak.ski\/en\/wp-json\/wp\/v2\/product_brand?post=33053"},{"taxonomy":"product_cat","embeddable":true,"href":"https:\/\/pikpak.ski\/en\/wp-json\/wp\/v2\/product_cat?post=33053"},{"taxonomy":"product_tag","embeddable":true,"href":"https:\/\/pikpak.ski\/en\/wp-json\/wp\/v2\/product_tag?post=33053"}],"curies":[{"name":"wp","href":"https:\/\/api.w.org\/{rel}","templated":true}]}}